{"id":22655,"date":"2026-02-24T09:04:31","date_gmt":"2026-02-24T08:04:31","guid":{"rendered":"https:\/\/www.e-discovery.pl\/?page_id=22655"},"modified":"2026-02-24T11:11:49","modified_gmt":"2026-02-24T10:11:49","slug":"audyt-sledczy","status":"publish","type":"page","link":"https:\/\/www.e-discovery.pl\/pl\/audyt-sledczy\/","title":{"rendered":"Audyt \u015bledczy"},"content":{"rendered":"<section class=\"wpb-content-wrapper\"><p>[vc_row bg_check=&#8221;row-background-dark&#8221; dfd_bg_style=&#8221;canvas&#8221; dfd_bg_image_canvas=&#8221;22081&#8243; dfd_bg_image_size_canvas=&#8221;initial&#8221;][vc_column][dfd_spacer screen_wide_spacer_size=&#8221;200&#8243; screen_normal_resolution=&#8221;1024&#8243; screen_tablet_resolution=&#8221;800&#8243; screen_mobile_resolution=&#8221;480&#8243;][dfd_letter_effects alignment=&#8221;title-left&#8221; module_animation=&#8221;transition.expandIn&#8221; text_fields=&#8221;%5B%7B%22text_field%22%3A%22Audyt%20%C5%9Bledczy%22%2C%22text_field_color%22%3A%22%23ffffff%22%7D%5D&#8221; title_font_options=&#8221;font_size:50|line_height:50&#8243;][dfd_spacer screen_wide_spacer_size=&#8221;100&#8243; screen_normal_resolution=&#8221;1024&#8243; screen_tablet_resolution=&#8221;800&#8243; screen_mobile_resolution=&#8221;480&#8243;][\/vc_column][\/vc_row][vc_row][vc_column width=&#8221;1\/2&#8243; dfd_column_responsive_enable=&#8221;dfd-column-responsive-enable&#8221; css=&#8221;.vc_custom_1491367477246{padding-right: 7% !important;padding-left: 0px !important;}&#8221; col_shadow=&#8221;box_shadow_enable:disable|shadow_horizontal:0|shadow_vertical:15|shadow_blur:50|shadow_spread:0|box_shadow_color:rgba(0%2C0%2C0%2C0.35)&#8221; col_shadow_hover=&#8221;box_shadow_enable:disable|shadow_horizontal:0|shadow_vertical:15|shadow_blur:50|shadow_spread:0|box_shadow_color:rgba(0%2C0%2C0%2C0.35)&#8221; responsive_styles=&#8221;padding_left_desktop:20|padding_right_desktop:10|padding_left_tablet:20|padding_right_tablet:10|padding_left_mobile:20|padding_right_mobile:20&#8243;][dfd_spacer screen_wide_spacer_size=&#8221;130&#8243; screen_normal_resolution=&#8221;1280&#8243; screen_tablet_resolution=&#8221;1024&#8243; screen_mobile_resolution=&#8221;800&#8243; screen_normal_spacer_size=&#8221;100&#8243; screen_tablet_spacer_size=&#8221;90&#8243; screen_mobile_spacer_size=&#8221;80&#8243;][dfd_heading subtitle=&#8221;&#8221; content_alignment=&#8221;text-left&#8221; module_animation=&#8221;transition.slideLeftBigIn&#8221; enable_delimiter=&#8221;&#8221; undefined=&#8221;&#8221; title_font_options=&#8221;tag:h4&#8243; subtitle_font_options=&#8221;tag:div&#8221; title_responsive=&#8221;font_size_tablet:20|line_height_tablet:26|font_size_mobile:20|line_height_mobile:26&#8243;]Audyt \u015bledczy to specjalistyczna us\u0142uga ukierunkowana na wykrywanie, analiz\u0119 i dokumentowanie nieprawid\u0142owo\u015bci w organizacji.[\/dfd_heading][dfd_spacer screen_wide_spacer_size=&#8221;30&#8243; screen_normal_resolution=&#8221;1280&#8243; screen_tablet_resolution=&#8221;1024&#8243; screen_mobile_resolution=&#8221;800&#8243; screen_tablet_spacer_size=&#8221;20&#8243; screen_mobile_spacer_size=&#8221;20&#8243;][vc_column_text content_en_us=&#8221;JTNDc3BhbiUyMHN0eWxlJTNEJTIyY29sb3IlM0ElMjAlMjM0ODQ4NDglM0IlMjIlM0VaYWJlenBpZWN6YWxpJUM1JTlCbXklMjBkb3dvZHklMjB3JTIwbmFqd2klQzQlOTlrc3p5Y2glMjBzcHJhd2FjaCUyMGdvc3BvZGFyY3p5Y2glMjB3JTIwUG9sc2NlLiUyME5hc3plJTIwZG8lQzUlOUJ3aWFkY3plbmllJTIwdG8lMjBzZXRraSUyMHBvc3QlQzQlOTlwb3dhJUM1JTg0JTIwcHJ5d2F0bnljaCUyMG9yYXolMjBzJUM0JTg1ZG93eWNoJTJDJTIwdyUyMGt0JUMzJUIzcnljaCUyMHVjemVzdG5pY3p5bGklQzUlOUJteSUyMG1pJUM0JTk5ZHp5JTIwaW5ueW1pJTIwamFrbyUyMHNwZWNqYWxpJUM1JTlCY2klMkMlMjBrb25zdWx0YW5jaSUyMG9yYXolMjBiaWVnbGkuJTIwSmFrbyUyMG5pZWxpY3puaSUyMG9mZXJ1amVteSUyMGtsaWVudG93aSUyMHVzJUM1JTgydWdpJTIweiUyMHpha3Jlc3UlMjBlLURpc2NvdmVyeS4lMjAlM0MlMkZzcGFuJTNFJTBBJTBBJTNDc3BhbiUyMHN0eWxlJTNEJTIyY29sb3IlM0ElMjAlMjM0ODQ4NDglM0IlMjIlM0UlM0NzdHJvbmclM0VrbGllbnRhLiUzQyUyRnN0cm9uZyUzRSUzQyUyRnNwYW4lM0U=&#8221; item_animation=&#8221;transition.slideLeftBigIn&#8221;]Realizujemy audyty \u015bledcze oraz audyty wyja\u015bniaj\u0105ce, zapewniaj\u0105c kompleksowe wsparcie na ka\u017cdym etapie post\u0119powania \u2013 od natychmiastowego zabezpieczenia danych, przez szczeg\u00f3\u0142ow\u0105 analiz\u0119 prawn\u0105 i finansow\u0105, a\u017c po przygotowanie materia\u0142u dowodowego do dalszych dzia\u0142a\u0144.[\/vc_column_text][\/vc_column][vc_column width=&#8221;1\/2&#8243; dfd_column_responsive_enable=&#8221;dfd-column-responsive-enable&#8221; css=&#8221;.vc_custom_1491367491875{padding-right: 0px !important;}&#8221; col_shadow=&#8221;box_shadow_enable:disable|shadow_horizontal:0|shadow_vertical:15|shadow_blur:50|shadow_spread:0|box_shadow_color:rgba(0%2C0%2C0%2C0.35)&#8221; col_shadow_hover=&#8221;box_shadow_enable:disable|shadow_horizontal:0|shadow_vertical:15|shadow_blur:50|shadow_spread:0|box_shadow_color:rgba(0%2C0%2C0%2C0.35)&#8221; responsive_styles=&#8221;padding_right_desktop:20|padding_right_tablet:20|padding_left_mobile:20|padding_right_mobile:20&#8243;][dfd_spacer screen_wide_spacer_size=&#8221;60&#8243; screen_normal_resolution=&#8221;1024&#8243; screen_tablet_resolution=&#8221;800&#8243; screen_mobile_resolution=&#8221;480&#8243;][dfd_image_layers periodicity=&#8221;0.3&#8243; list_fields=&#8221;%5B%7B%22image_id%22%3A%2221860%22%2C%22layer_animation%22%3A%22slideRightBigIn%22%7D%2C%7B%22image_id%22%3A%2221859%22%2C%22layer_animation%22%3A%22fadeIn%22%7D%2C%7B%22image_id%22%3A%2221858%22%2C%22layer_animation%22%3A%22fadeIn%22%7D%2C%7B%22image_id%22%3A%2221857%22%2C%22layer_animation%22%3A%22fadeIn%22%7D%2C%7B%22image_id%22%3A%2221856%22%2C%22layer_animation%22%3A%22fadeIn%22%7D%2C%7B%22image_id%22%3A%2221855%22%2C%22layer_animation%22%3A%22slideDownBigIn%22%7D%5D&#8221;][dfd_spacer screen_wide_spacer_size=&#8221;30&#8243; screen_normal_resolution=&#8221;1024&#8243; screen_tablet_resolution=&#8221;800&#8243; screen_mobile_resolution=&#8221;480&#8243;][\/vc_column][\/vc_row][vc_row css=&#8221;.vc_custom_1491227725073{background-color: #f4f4f4 !important;}&#8221;][vc_column][dfd_spacer screen_wide_spacer_size=&#8221;90&#8243; screen_normal_resolution=&#8221;1280&#8243; screen_tablet_resolution=&#8221;1024&#8243; screen_mobile_resolution=&#8221;800&#8243; screen_normal_spacer_size=&#8221;80&#8243; screen_tablet_spacer_size=&#8221;90&#8243; screen_mobile_spacer_size=&#8221;80&#8243;][\/vc_column][\/vc_row][vc_row css=&#8221;.vc_custom_1491227731288{background-color: #f4f4f4 !important;}&#8221;][vc_column width=&#8221;1\/2&#8243; dfd_column_responsive_enable=&#8221;dfd-column-responsive-enable&#8221; col_shadow=&#8221;box_shadow_enable:disable|shadow_horizontal:0|shadow_vertical:15|shadow_blur:50|shadow_spread:0|box_shadow_color:rgba(0%2C0%2C0%2C0.35)&#8221; col_shadow_hover=&#8221;box_shadow_enable:disable|shadow_horizontal:0|shadow_vertical:15|shadow_blur:50|shadow_spread:0|box_shadow_color:rgba(0%2C0%2C0%2C0.35)&#8221; responsive_styles=&#8221;padding_left_desktop:20|padding_left_tablet:20|padding_right_tablet:20|padding_left_mobile:20|padding_right_mobile:20&#8243; el_class=&#8221;dfd_col-tablet-12&#8243; offset=&#8221;vc_col-lg-6 vc_col-md-6 vc_col-xs-12&#8243;][dfd_spacer screen_wide_spacer_size=&#8221;30&#8243; screen_normal_resolution=&#8221;1280&#8243; screen_tablet_resolution=&#8221;1024&#8243; screen_mobile_resolution=&#8221;800&#8243; screen_normal_spacer_size=&#8221;10&#8243; screen_mobile_spacer_size=&#8221;0&#8243; screen_tablet_spacer_size=&#8221;0&#8243;][dfd_spacer screen_wide_spacer_size=&#8221;20&#8243; screen_normal_resolution=&#8221;1024&#8243; screen_tablet_resolution=&#8221;800&#8243; screen_mobile_resolution=&#8221;480&#8243;][vc_column_text item_animation=&#8221;transition.slideRightBigIn&#8221;]<span style=\"color: black;\">Nasze dzia\u0142ania obejmuj\u0105 pe\u0142en zakres audytu: identyfikacj\u0119 \u017ar\u00f3de\u0142 nadu\u017cy\u0107, analiz\u0119 przep\u0142yw\u00f3w finansowych, weryfikacj\u0119 dokumentacji oraz badanie komunikacji i kontekstu sprawy. Dysponujemy rozbudowanym zapleczem informatyki \u015bledczej, kt\u00f3re umo\u017cliwia skuteczne zabezpieczanie i analiz\u0119 danych cyfrowych. Pracujemy w interdyscyplinarnym zespole \u2013 przy wsparciu do\u015bwiadczonych in\u017cynier\u00f3w oraz prawnik\u00f3w \u2013 co pozwala nam \u0142\u0105czy\u0107 kompetencje technologiczne, finansowe i prawne.<\/span><\/p>\n<p><strong><span style=\"color: black;\">Pomagamy w sytuacjach takich jak:<\/span><\/strong><\/p>\n<p>[\/vc_column_text][dfd_spacer screen_wide_spacer_size=&#8221;30&#8243; screen_normal_resolution=&#8221;1280&#8243; screen_tablet_resolution=&#8221;1024&#8243; screen_mobile_resolution=&#8221;800&#8243; screen_normal_spacer_size=&#8221;20&#8243; screen_tablet_spacer_size=&#8221;15&#8243; screen_mobile_spacer_size=&#8221;15&#8243;][dfd_icon_list list_fields=&#8221;%5B%7B%22icon_type%22%3A%22selector%22%2C%22select_icon%22%3A%22dfd_icons%22%2C%22ic_dfd_icons%22%3A%22dfd-socicon-correct-symbol%22%2C%22text_content%22%3A%22kradzie%C5%BC%20w%C5%82asno%C5%9Bci%20intelektualnej%20sp%C3%B3%C5%82ki%2C%22%7D%2C%7B%22icon_type%22%3A%22selector%22%2C%22select_icon%22%3A%22dfd_icons%22%2C%22ic_dfd_icons%22%3A%22dfd-socicon-correct-symbol%22%2C%22text_content%22%3A%22nieuczciwa%20konkurencja%2C%22%7D%2C%7B%22icon_type%22%3A%22selector%22%2C%22select_icon%22%3A%22dfd_icons%22%2C%22ic_dfd_icons%22%3A%22dfd-socicon-correct-symbol%22%2C%22text_content%22%3A%22podejrzenie%20wyst%C4%85pienia%20nadu%C5%BCy%C4%87%2C%22%7D%2C%7B%22icon_type%22%3A%22selector%22%2C%22select_icon%22%3A%22dfd_icons%22%2C%22ic_dfd_icons%22%3A%22dfd-socicon-correct-symbol%22%2C%22text_content%22%3A%22defraudacje%20%C5%9Brodk%C3%B3w%20i%20inne%20nieprawid%C5%82owo%C5%9Bci%20finansowe.%22%7D%5D&#8221; main_style=&#8221;style-1&#8243; font_options=&#8221;tag:div|font_size:14&#8243; icon_size=&#8221;21&#8243; icon_color=&#8221;#2f71cb&#8221;][dfd_spacer screen_wide_spacer_size=&#8221;30&#8243; screen_normal_resolution=&#8221;1280&#8243; screen_tablet_resolution=&#8221;1024&#8243; screen_mobile_resolution=&#8221;800&#8243; screen_normal_spacer_size=&#8221;20&#8243; screen_tablet_spacer_size=&#8221;15&#8243; screen_mobile_spacer_size=&#8221;15&#8243;][vc_column_text item_animation=&#8221;transition.slideRightBigIn&#8221;]<span style=\"color: black;\">Dzia\u0142amy rzetelnie, dyskretnie i zgodnie z obowi\u0105zuj\u0105cymi przepisami prawa, dostarczaj\u0105c klientom wiarygodnych ustale\u0144 oraz rekomendacji dalszych krok\u00f3w.<\/span>[\/vc_column_text][dfd_spacer screen_wide_spacer_size=&#8221;30&#8243; screen_normal_resolution=&#8221;1280&#8243; screen_tablet_resolution=&#8221;1024&#8243; screen_mobile_resolution=&#8221;800&#8243; screen_normal_spacer_size=&#8221;20&#8243; screen_tablet_spacer_size=&#8221;15&#8243; screen_mobile_spacer_size=&#8221;15&#8243;][dfd_spacer screen_wide_spacer_size=&#8221;&#8221; screen_normal_resolution=&#8221;1280&#8243; screen_tablet_resolution=&#8221;1024&#8243; screen_mobile_resolution=&#8221;800&#8243; screen_tablet_spacer_size=&#8221;50&#8243; screen_mobile_spacer_size=&#8221;40&#8243;][\/vc_column][vc_column width=&#8221;1\/2&#8243; dfd_column_responsive_enable=&#8221;dfd-column-responsive-enable&#8221; col_shadow=&#8221;box_shadow_enable:disable|shadow_horizontal:0|shadow_vertical:15|shadow_blur:50|shadow_spread:0|box_shadow_color:rgba(0%2C0%2C0%2C0.35)&#8221; col_shadow_hover=&#8221;box_shadow_enable:disable|shadow_horizontal:0|shadow_vertical:15|shadow_blur:50|shadow_spread:0|box_shadow_color:rgba(0%2C0%2C0%2C0.35)&#8221; responsive_styles=&#8221;padding_right_desktop:20|padding_left_tablet:20|padding_right_tablet:20|padding_left_mobile:20|padding_right_mobile:20&#8243; el_class=&#8221;dfd_col-tablet-12&#8243; offset=&#8221;vc_col-lg-6 vc_col-md-6 vc_col-xs-12&#8243;][dfd_image_layers periodicity=&#8221;0.5&#8243; list_fields=&#8221;%5B%7B%22image_id%22%3A%22404%22%2C%22layer_animation%22%3A%22slideUpBigIn%22%7D%2C%7B%22image_id%22%3A%2221845%22%2C%22layer_animation%22%3A%22slideUpBigIn%22%7D%2C%7B%22image_id%22%3A%2221847%22%2C%22layer_animation%22%3A%22slideRightBigIn%22%7D%5D&#8221;][\/vc_column][\/vc_row][vc_row css=&#8221;.vc_custom_1491227725073{background-color: #f4f4f4 !important;}&#8221;][vc_column][dfd_spacer screen_wide_spacer_size=&#8221;70&#8243; screen_normal_resolution=&#8221;1280&#8243; screen_tablet_resolution=&#8221;1024&#8243; screen_mobile_resolution=&#8221;800&#8243; screen_normal_spacer_size=&#8221;90&#8243; screen_tablet_spacer_size=&#8221;90&#8243; screen_mobile_spacer_size=&#8221;80&#8243;][\/vc_column][\/vc_row][vc_row][vc_column dfd_column_responsive_enable=&#8221;dfd-column-responsive-enable&#8221; el_class=&#8221;dfd_col-tablet-12&#8243; offset=&#8221;vc_col-lg-12 vc_col-md-12 vc_col-xs-12&#8243; col_shadow=&#8221;box_shadow_enable:disable|shadow_horizontal:0|shadow_vertical:15|shadow_blur:50|shadow_spread:0|box_shadow_color:rgba(0%2C0%2C0%2C0.35)&#8221; col_shadow_hover=&#8221;box_shadow_enable:disable|shadow_horizontal:0|shadow_vertical:15|shadow_blur:50|shadow_spread:0|box_shadow_color:rgba(0%2C0%2C0%2C0.35)&#8221; responsive_styles=&#8221;padding_left_tablet:20|padding_right_tablet:20|padding_left_mobile:20|padding_right_mobile:20&#8243;][dfd_spacer screen_wide_spacer_size=&#8221;70&#8243; screen_normal_resolution=&#8221;1280&#8243; screen_tablet_resolution=&#8221;1024&#8243; screen_mobile_resolution=&#8221;800&#8243; screen_tablet_spacer_size=&#8221;70&#8243; screen_mobile_spacer_size=&#8221;70&#8243; screen_normal_spacer_size=&#8221;70&#8243;][dfd_heading style=&#8221;style_02&#8243; subtitle=&#8221;Prze\u015blij zapytanie&#8221; module_animation=&#8221;transition.slideRightBigIn&#8221; enable_delimiter=&#8221;&#8221; undefined=&#8221;&#8221; title_font_options=&#8221;tag:h3&#8243; subtitle_font_options=&#8221;tag:div&#8221; heading_margin=&#8221;margin-top:10&#8243; title_responsive=&#8221;font_size_desktop:28|line_height_desktop:32|font_size_tablet:30|line_height_tablet:36|font_size_mobile:24|line_height_mobile:30&#8243;]<\/p>\n<p>Szybka reakcja to klucz do <span class=\"dfd-underline-decoration-advanced\">sukcesu!<\/span><\/p>\n<p>[\/dfd_heading][dfd_user_form fake_check_layout=&#8221;forms_05&#8243; show_label_text=&#8221;on&#8221; horiz_margin_btw_inputs=&#8221;10&#8243; btn_message=&#8221;Wy\u015blij wiadomo\u015b\u0107&#8221; email_to=&#8221;kontakt@e-discovery.pl&#8221; email_subject=&#8221;Zapytanie ze strony e-discovery.pl&#8221; check_layout=&#8221;forms_05.php&#8221; check_layout_forms_05=&#8221;{&#8222;1&#8222;:{&#8222;text_name&#8222;:{&#8222;name&#8222;:&#8222;Imi\u0119 i nazwisko&#8222;,&#8222;required-1&#8222;:&#8222;1&#8222;,&#8222;akismet_comment_author-1&#8222;:&#8222;1&#8222;}},&#8222;2&#8222;:{&#8222;email&#8222;:{&#8222;required-1&#8222;:&#8222;1&#8222;,&#8222;name&#8222;:&#8222;E-mail&#8222;,&#8222;akismet_comment_author_email-1&#8222;:&#8222;1&#8222;}},&#8222;3&#8222;:{&#8222;text_name&#8222;:{&#8222;required-1&#8222;:&#8222;1&#8222;,&#8222;name&#8222;:&#8222;Telefon kontaktowy&#8222;}},&#8222;4&#8222;:{&#8222;textarea_name&#8222;:{&#8222;name&#8222;:&#8222;Zapytanie&#8222;}}}&#8221;]Od: {{text_name-1}}<br \/>\nemail: {{email-2}}<br \/>\ntelefon: {{text_name-3}}<\/p>\n<p>Zapytanie:<br \/>\n{{textarea_name-4}}<\/p>\n<p>&#8212;<br \/>\nEmail wys\u0142any ze strony e-discovery.pl<\/p>\n<p>[\/dfd_user_form][dfd_spacer screen_wide_spacer_size=&#8221;50&#8243; screen_normal_resolution=&#8221;1024&#8243; screen_tablet_resolution=&#8221;800&#8243; screen_mobile_resolution=&#8221;480&#8243;][\/vc_column][\/vc_row]<\/p>\n<\/section>","protected":false},"excerpt":{"rendered":"<p>[vc_row bg_check=&#8221;row-background-dark&#8221; dfd_bg_style=&#8221;canvas&#8221; dfd_bg_image_canvas=&#8221;22081&#8243; dfd_bg_image_size_canvas=&#8221;initial&#8221;][vc_column][dfd_spacer screen_wide_spacer_size=&#8221;200&#8243; screen_normal_resolution=&#8221;1024&#8243; screen_tablet_resolution=&#8221;800&#8243; screen_mobile_resolution=&#8221;480&#8243;][dfd_letter_effects alignment=&#8221;title-left&#8221; module_animation=&#8221;transition.expandIn&#8221; text_fields=&#8221;%5B%7B%22text_field%22%3A%22Audyt%20%C5%9Bledczy%22%2C%22text_field_color%22%3A%22%23ffffff%22%7D%5D&#8221; title_font_options=&#8221;font_size:50|line_height:50&#8243;][dfd_spacer screen_wide_spacer_size=&#8221;100&#8243; screen_normal_resolution=&#8221;1024&#8243; screen_tablet_resolution=&#8221;800&#8243; screen_mobile_resolution=&#8221;480&#8243;][\/vc_column][\/vc_row][vc_row][vc_column width=&#8221;1\/2&#8243; dfd_column_responsive_enable=&#8221;dfd-column-responsive-enable&#8221; css=&#8221;.vc_custom_1491367477246{padding-right: 7% !important;padding-left: 0px !important;}&#8221; col_shadow=&#8221;box_shadow_enable:disable|shadow_horizontal:0|shadow_vertical:15|shadow_blur:50|shadow_spread:0|box_shadow_color:rgba(0%2C0%2C0%2C0.35)&#8221; col_shadow_hover=&#8221;box_shadow_enable:disable|shadow_horizontal:0|shadow_vertical:15|shadow_blur:50|shadow_spread:0|box_shadow_color:rgba(0%2C0%2C0%2C0.35)&#8221; responsive_styles=&#8221;padding_left_desktop:20|padding_right_desktop:10|padding_left_tablet:20|padding_right_tablet:10|padding_left_mobile:20|padding_right_mobile:20&#8243;][dfd_spacer screen_wide_spacer_size=&#8221;130&#8243; screen_normal_resolution=&#8221;1280&#8243; screen_tablet_resolution=&#8221;1024&#8243;<\/p>\n","protected":false},"author":1,"featured_media":0,"parent":0,"menu_order":0,"comment_status":"closed","ping_status":"closed","template":"tmp-page.php","meta":{"footnotes":""},"class_list":["post-22655","page","type-page","status-publish","hentry"],"yoast_head":"<!-- This site is optimized with the Yoast SEO plugin v25.0 - https:\/\/yoast.com\/wordpress\/plugins\/seo\/ -->\n<title>Audyt \u015bledczy - e-Discovery<\/title>\n<meta name=\"robots\" content=\"index, follow, max-snippet:-1, max-image-preview:large, max-video-preview:-1\" \/>\n<link rel=\"canonical\" href=\"https:\/\/www.e-discovery.pl\/pl\/audyt-sledczy\/\" \/>\n<meta property=\"og:locale\" content=\"pl_PL\" \/>\n<meta property=\"og:type\" content=\"article\" \/>\n<meta property=\"og:title\" content=\"Audyt \u015bledczy - e-Discovery\" \/>\n<meta property=\"og:description\" content=\"[vc_row bg_check=&#8221;row-background-dark&#8221; dfd_bg_style=&#8221;canvas&#8221; dfd_bg_image_canvas=&#8221;22081&#8243; dfd_bg_image_size_canvas=&#8221;initial&#8221;][vc_column][dfd_spacer screen_wide_spacer_size=&#8221;200&#8243; screen_normal_resolution=&#8221;1024&#8243; screen_tablet_resolution=&#8221;800&#8243; screen_mobile_resolution=&#8221;480&#8243;][dfd_letter_effects alignment=&#8221;title-left&#8221; module_animation=&#8221;transition.expandIn&#8221; text_fields=&#8221;%5B%7B%22text_field%22%3A%22Audyt%20%C5%9Bledczy%22%2C%22text_field_color%22%3A%22%23ffffff%22%7D%5D&#8221; title_font_options=&#8221;font_size:50|line_height:50&#8243;][dfd_spacer screen_wide_spacer_size=&#8221;100&#8243; screen_normal_resolution=&#8221;1024&#8243; screen_tablet_resolution=&#8221;800&#8243; screen_mobile_resolution=&#8221;480&#8243;][\/vc_column][\/vc_row][vc_row][vc_column width=&#8221;1\/2&#8243; dfd_column_responsive_enable=&#8221;dfd-column-responsive-enable&#8221; css=&#8221;.vc_custom_1491367477246{padding-right: 7% !important;padding-left: 0px !important;}&#8221; col_shadow=&#8221;box_shadow_enable:disable|shadow_horizontal:0|shadow_vertical:15|shadow_blur:50|shadow_spread:0|box_shadow_color:rgba(0%2C0%2C0%2C0.35)&#8221; col_shadow_hover=&#8221;box_shadow_enable:disable|shadow_horizontal:0|shadow_vertical:15|shadow_blur:50|shadow_spread:0|box_shadow_color:rgba(0%2C0%2C0%2C0.35)&#8221; responsive_styles=&#8221;padding_left_desktop:20|padding_right_desktop:10|padding_left_tablet:20|padding_right_tablet:10|padding_left_mobile:20|padding_right_mobile:20&#8243;][dfd_spacer screen_wide_spacer_size=&#8221;130&#8243; screen_normal_resolution=&#8221;1280&#8243; screen_tablet_resolution=&#8221;1024&#8243;\" \/>\n<meta property=\"og:url\" content=\"https:\/\/www.e-discovery.pl\/pl\/audyt-sledczy\/\" \/>\n<meta property=\"og:site_name\" content=\"e-Discovery\" \/>\n<meta property=\"article:modified_time\" content=\"2026-02-24T10:11:49+00:00\" \/>\n<meta name=\"twitter:card\" content=\"summary_large_image\" \/>\n<meta name=\"twitter:label1\" content=\"Szacowany czas czytania\" \/>\n\t<meta name=\"twitter:data1\" content=\"3 minuty\" \/>\n<script type=\"application\/ld+json\" class=\"yoast-schema-graph\">{\"@context\":\"https:\/\/schema.org\",\"@graph\":[{\"@type\":\"WebPage\",\"@id\":\"https:\/\/www.e-discovery.pl\/pl\/audyt-sledczy\/\",\"url\":\"https:\/\/www.e-discovery.pl\/pl\/audyt-sledczy\/\",\"name\":\"Audyt \u015bledczy - e-Discovery\",\"isPartOf\":{\"@id\":\"https:\/\/www.e-discovery.pl\/#website\"},\"datePublished\":\"2026-02-24T08:04:31+00:00\",\"dateModified\":\"2026-02-24T10:11:49+00:00\",\"breadcrumb\":{\"@id\":\"https:\/\/www.e-discovery.pl\/pl\/audyt-sledczy\/#breadcrumb\"},\"inLanguage\":\"pl-PL\",\"potentialAction\":[{\"@type\":\"ReadAction\",\"target\":[\"https:\/\/www.e-discovery.pl\/pl\/audyt-sledczy\/\"]}]},{\"@type\":\"BreadcrumbList\",\"@id\":\"https:\/\/www.e-discovery.pl\/pl\/audyt-sledczy\/#breadcrumb\",\"itemListElement\":[{\"@type\":\"ListItem\",\"position\":1,\"name\":\"Strona g\u0142\u00f3wna\",\"item\":\"https:\/\/www.e-discovery.pl\/pl\/\"},{\"@type\":\"ListItem\",\"position\":2,\"name\":\"Audyt \u015bledczy\"}]},{\"@type\":\"WebSite\",\"@id\":\"https:\/\/www.e-discovery.pl\/#website\",\"url\":\"https:\/\/www.e-discovery.pl\/\",\"name\":\"E-discovery\",\"description\":\"zesp\u00f3\u0142 sk\u0142adaj\u0105cy si\u0119 ze specjalist\u00f3w informatyki analitycznej, specjalist\u00f3w z zakresu regulacji na temat dowod\u00f3w cyfrowych oraz ksi\u0119gowych \u015bledczych.\",\"potentialAction\":[{\"@type\":\"SearchAction\",\"target\":{\"@type\":\"EntryPoint\",\"urlTemplate\":\"https:\/\/www.e-discovery.pl\/?s={search_term_string}\"},\"query-input\":{\"@type\":\"PropertyValueSpecification\",\"valueRequired\":true,\"valueName\":\"search_term_string\"}}],\"inLanguage\":\"pl-PL\"}]}<\/script>\n<!-- \/ Yoast SEO plugin. -->","yoast_head_json":{"title":"Audyt \u015bledczy - e-Discovery","robots":{"index":"index","follow":"follow","max-snippet":"max-snippet:-1","max-image-preview":"max-image-preview:large","max-video-preview":"max-video-preview:-1"},"canonical":"https:\/\/www.e-discovery.pl\/pl\/audyt-sledczy\/","og_locale":"pl_PL","og_type":"article","og_title":"Audyt \u015bledczy - e-Discovery","og_description":"[vc_row bg_check=&#8221;row-background-dark&#8221; dfd_bg_style=&#8221;canvas&#8221; dfd_bg_image_canvas=&#8221;22081&#8243; dfd_bg_image_size_canvas=&#8221;initial&#8221;][vc_column][dfd_spacer screen_wide_spacer_size=&#8221;200&#8243; screen_normal_resolution=&#8221;1024&#8243; screen_tablet_resolution=&#8221;800&#8243; screen_mobile_resolution=&#8221;480&#8243;][dfd_letter_effects alignment=&#8221;title-left&#8221; module_animation=&#8221;transition.expandIn&#8221; text_fields=&#8221;%5B%7B%22text_field%22%3A%22Audyt%20%C5%9Bledczy%22%2C%22text_field_color%22%3A%22%23ffffff%22%7D%5D&#8221; title_font_options=&#8221;font_size:50|line_height:50&#8243;][dfd_spacer screen_wide_spacer_size=&#8221;100&#8243; screen_normal_resolution=&#8221;1024&#8243; screen_tablet_resolution=&#8221;800&#8243; screen_mobile_resolution=&#8221;480&#8243;][\/vc_column][\/vc_row][vc_row][vc_column width=&#8221;1\/2&#8243; dfd_column_responsive_enable=&#8221;dfd-column-responsive-enable&#8221; css=&#8221;.vc_custom_1491367477246{padding-right: 7% !important;padding-left: 0px !important;}&#8221; col_shadow=&#8221;box_shadow_enable:disable|shadow_horizontal:0|shadow_vertical:15|shadow_blur:50|shadow_spread:0|box_shadow_color:rgba(0%2C0%2C0%2C0.35)&#8221; col_shadow_hover=&#8221;box_shadow_enable:disable|shadow_horizontal:0|shadow_vertical:15|shadow_blur:50|shadow_spread:0|box_shadow_color:rgba(0%2C0%2C0%2C0.35)&#8221; responsive_styles=&#8221;padding_left_desktop:20|padding_right_desktop:10|padding_left_tablet:20|padding_right_tablet:10|padding_left_mobile:20|padding_right_mobile:20&#8243;][dfd_spacer screen_wide_spacer_size=&#8221;130&#8243; screen_normal_resolution=&#8221;1280&#8243; screen_tablet_resolution=&#8221;1024&#8243;","og_url":"https:\/\/www.e-discovery.pl\/pl\/audyt-sledczy\/","og_site_name":"e-Discovery","article_modified_time":"2026-02-24T10:11:49+00:00","twitter_card":"summary_large_image","twitter_misc":{"Szacowany czas czytania":"3 minuty"},"schema":{"@context":"https:\/\/schema.org","@graph":[{"@type":"WebPage","@id":"https:\/\/www.e-discovery.pl\/pl\/audyt-sledczy\/","url":"https:\/\/www.e-discovery.pl\/pl\/audyt-sledczy\/","name":"Audyt \u015bledczy - e-Discovery","isPartOf":{"@id":"https:\/\/www.e-discovery.pl\/#website"},"datePublished":"2026-02-24T08:04:31+00:00","dateModified":"2026-02-24T10:11:49+00:00","breadcrumb":{"@id":"https:\/\/www.e-discovery.pl\/pl\/audyt-sledczy\/#breadcrumb"},"inLanguage":"pl-PL","potentialAction":[{"@type":"ReadAction","target":["https:\/\/www.e-discovery.pl\/pl\/audyt-sledczy\/"]}]},{"@type":"BreadcrumbList","@id":"https:\/\/www.e-discovery.pl\/pl\/audyt-sledczy\/#breadcrumb","itemListElement":[{"@type":"ListItem","position":1,"name":"Strona g\u0142\u00f3wna","item":"https:\/\/www.e-discovery.pl\/pl\/"},{"@type":"ListItem","position":2,"name":"Audyt \u015bledczy"}]},{"@type":"WebSite","@id":"https:\/\/www.e-discovery.pl\/#website","url":"https:\/\/www.e-discovery.pl\/","name":"E-discovery","description":"zesp\u00f3\u0142 sk\u0142adaj\u0105cy si\u0119 ze specjalist\u00f3w informatyki analitycznej, specjalist\u00f3w z zakresu regulacji na temat dowod\u00f3w cyfrowych oraz ksi\u0119gowych \u015bledczych.","potentialAction":[{"@type":"SearchAction","target":{"@type":"EntryPoint","urlTemplate":"https:\/\/www.e-discovery.pl\/?s={search_term_string}"},"query-input":{"@type":"PropertyValueSpecification","valueRequired":true,"valueName":"search_term_string"}}],"inLanguage":"pl-PL"}]}},"_links":{"self":[{"href":"https:\/\/www.e-discovery.pl\/pl\/wp-json\/wp\/v2\/pages\/22655","targetHints":{"allow":["GET"]}}],"collection":[{"href":"https:\/\/www.e-discovery.pl\/pl\/wp-json\/wp\/v2\/pages"}],"about":[{"href":"https:\/\/www.e-discovery.pl\/pl\/wp-json\/wp\/v2\/types\/page"}],"author":[{"embeddable":true,"href":"https:\/\/www.e-discovery.pl\/pl\/wp-json\/wp\/v2\/users\/1"}],"replies":[{"embeddable":true,"href":"https:\/\/www.e-discovery.pl\/pl\/wp-json\/wp\/v2\/comments?post=22655"}],"version-history":[{"count":14,"href":"https:\/\/www.e-discovery.pl\/pl\/wp-json\/wp\/v2\/pages\/22655\/revisions"}],"predecessor-version":[{"id":22676,"href":"https:\/\/www.e-discovery.pl\/pl\/wp-json\/wp\/v2\/pages\/22655\/revisions\/22676"}],"wp:attachment":[{"href":"https:\/\/www.e-discovery.pl\/pl\/wp-json\/wp\/v2\/media?parent=22655"}],"curies":[{"name":"wp","href":"https:\/\/api.w.org\/{rel}","templated":true}]}}