{"id":20081,"date":"2016-10-19T09:25:30","date_gmt":"2016-10-19T09:25:30","guid":{"rendered":"http:\/\/nativewptheme.net\/pages\/?page_id=20081"},"modified":"2025-04-28T13:54:05","modified_gmt":"2025-04-28T11:54:05","slug":"kontakt","status":"publish","type":"page","link":"https:\/\/www.e-discovery.pl\/en\/kontakt\/","title":{"rendered":"Kontakt"},"content":{"rendered":"<section class=\"wpb-content-wrapper\"><p>[vc_row dfd_row_config=&#8221;full_width_content&#8221; dfd_row_responsive_enable=&#8221;dfd-row-responsive-enable&#8221; css=&#8221;.vc_custom_1481969950959{padding-right: 15% !important;padding-left: 15% !important;}&#8221; responsive_styles=&#8221;padding_left_desktop:20|padding_right_desktop:20|padding_left_tablet:0|padding_right_tablet:0|padding_left_mobile:0|padding_right_mobile:0&#8243;][vc_column width=&#8221;1\/2&#8243; dfd_column_responsive_enable=&#8221;dfd-column-responsive-enable&#8221; css=&#8221;.vc_custom_1481970029682{padding-right: 3% !important;}&#8221; el_class=&#8221;dfd_col-tablet-12&#8243; offset=&#8221;vc_col-lg-6 vc_col-md-6 vc_col-xs-12&#8243; col_shadow=&#8221;box_shadow_enable:disable|shadow_horizontal:0|shadow_vertical:15|shadow_blur:50|shadow_spread:0|box_shadow_color:rgba(0%2C0%2C0%2C0.35)&#8221; col_shadow_hover=&#8221;box_shadow_enable:disable|shadow_horizontal:0|shadow_vertical:15|shadow_blur:50|shadow_spread:0|box_shadow_color:rgba(0%2C0%2C0%2C0.35)&#8221; responsive_styles=&#8221;padding_left_tablet:30|padding_right_tablet:30|padding_left_mobile:20|padding_right_mobile:20&#8243;][dfd_spacer screen_wide_spacer_size=&#8221;80&#8243; screen_normal_resolution=&#8221;1280&#8243; screen_tablet_resolution=&#8221;1024&#8243; screen_mobile_resolution=&#8221;800&#8243; screen_wide_resolution=&#8221;1280&#8243; screen_normal_spacer_size=&#8221;70&#8243; screen_tablet_spacer_size=&#8221;60&#8243; screen_mobile_spacer_size=&#8221;50&#8243;][dfd_heading subtitle=&#8221;Skontaktujemy si\u0119 z Tob\u0105&#8221; module_animation=&#8221;transition.slideRightBigIn&#8221; enable_delimiter=&#8221;&#8221; undefined=&#8221;&#8221; title_font_options=&#8221;tag:h3|font_size:35|line_height:35&#8243; subtitle_font_options=&#8221;tag:div&#8221; title_responsive=&#8221;font_size_desktop:32|line_height_desktop:32|font_size_tablet:32|line_height_tablet:32|font_size_mobile:28|line_height_mobile:28&#8243;]Napisz do nas![\/dfd_heading][dfd_spacer screen_wide_spacer_size=&#8221;25&#8243; screen_normal_resolution=&#8221;1280&#8243; screen_tablet_resolution=&#8221;1024&#8243; screen_mobile_resolution=&#8221;800&#8243; screen_wide_resolution=&#8221;1280&#8243; screen_normal_spacer_size=&#8221;20&#8243; screen_tablet_spacer_size=&#8221;15&#8243; screen_mobile_spacer_size=&#8221;10&#8243;][dfd_delimiter delimiter_style=&#8221;dfd-delimiter-with-text&#8221; text_delimiter=&#8221;ODDZIA\u0141 W KATOWICACH&#8221; title_font_options=&#8221;font_size:12&#8243; undefined=&#8221;&#8221;][dfd_spacer screen_wide_spacer_size=&#8221;25&#8243; screen_normal_resolution=&#8221;1280&#8243; screen_tablet_resolution=&#8221;1024&#8243; screen_mobile_resolution=&#8221;800&#8243; screen_wide_resolution=&#8221;1280&#8243; screen_normal_spacer_size=&#8221;20&#8243; screen_tablet_spacer_size=&#8221;20&#8243; screen_mobile_spacer_size=&#8221;20&#8243;][dfd_icon_list icon_align=&#8221;icon-center&#8221; module_animation=&#8221;transition.slideRightBigIn&#8221; list_fields=&#8221;%5B%7B%22icon_type%22%3A%22selector%22%2C%22select_icon%22%3A%22dfd_icons%22%2C%22ic_dfd_icons%22%3A%22dfd-socicon-map-marker%22%2C%22text_content%22%3A%22e-Discovery%20sp.%20z%20o.o.%2C%20ul.%20Warszawska%2056%2F7%2C%2040-008%20Katowice%22%7D%2C%7B%22icon_type%22%3A%22selector%22%2C%22select_icon%22%3A%22dfd_icons%22%2C%22ic_dfd_icons%22%3A%22dfd-socicon-mobile-phone%22%2C%22text_content%22%3A%22%2B48%20535%20733%20533%22%7D%2C%7B%22icon_type%22%3A%22selector%22%2C%22select_icon%22%3A%22dfd_icons%22%2C%22ic_dfd_icons%22%3A%22dfd-socicon-mail%22%2C%22text_content%22%3A%22kontakt%40e-discovery.pl%22%7D%5D&#8221; main_style=&#8221;style-1&#8243; font_options=&#8221;tag:div|font_size:13|letter_spacing:-0.5&#8243; icon_size=&#8221;16&#8243;][dfd_spacer screen_wide_spacer_size=&#8221;35&#8243; screen_normal_resolution=&#8221;1280&#8243; screen_tablet_resolution=&#8221;1024&#8243; screen_mobile_resolution=&#8221;800&#8243; screen_wide_resolution=&#8221;1280&#8243; screen_normal_spacer_size=&#8221;30&#8243; screen_tablet_spacer_size=&#8221;25&#8243; screen_mobile_spacer_size=&#8221;20&#8243;][dfd_delimiter delimiter_style=&#8221;dfd-delimiter-with-text&#8221; text_delimiter=&#8221;ODDZIA\u0141 W WARSZAWIE&#8221; title_font_options=&#8221;font_size:12&#8243; undefined=&#8221;&#8221;][dfd_spacer screen_wide_spacer_size=&#8221;25&#8243; screen_normal_resolution=&#8221;1280&#8243; screen_tablet_resolution=&#8221;1024&#8243; screen_mobile_resolution=&#8221;800&#8243; screen_wide_resolution=&#8221;1280&#8243; screen_normal_spacer_size=&#8221;20&#8243; screen_tablet_spacer_size=&#8221;20&#8243; screen_mobile_spacer_size=&#8221;20&#8243;][vc_column_text item_animation=&#8221;transition.slideRightBigIn&#8221;]<\/p>\n<p style=\"text-align: center;\">Ju\u017c wkr\u00f3tce!<\/p>\n<p>[\/vc_column_text][dfd_spacer screen_wide_spacer_size=&#8221;80&#8243; screen_normal_resolution=&#8221;1280&#8243; screen_tablet_resolution=&#8221;1024&#8243; screen_mobile_resolution=&#8221;800&#8243; screen_wide_resolution=&#8221;1280&#8243; screen_normal_spacer_size=&#8221;70&#8243; screen_tablet_spacer_size=&#8221;0&#8243; screen_mobile_spacer_size=&#8221;0&#8243;][\/vc_column][vc_column width=&#8221;1\/2&#8243; dfd_column_responsive_enable=&#8221;dfd-column-responsive-enable&#8221; css=&#8221;.vc_custom_1481970037030{padding-left: 3% !important;}&#8221; el_class=&#8221;dfd_col-tablet-12&#8243; col_shadow=&#8221;box_shadow_enable:disable|shadow_horizontal:0|shadow_vertical:15|shadow_blur:50|shadow_spread:0|box_shadow_color:rgba(0%2C0%2C0%2C0.35)&#8221; col_shadow_hover=&#8221;box_shadow_enable:disable|shadow_horizontal:0|shadow_vertical:15|shadow_blur:50|shadow_spread:0|box_shadow_color:rgba(0%2C0%2C0%2C0.35)&#8221; offset=&#8221;vc_col-lg-6 vc_col-md-6 vc_col-xs-12&#8243; responsive_styles=&#8221;padding_left_tablet:30|padding_right_tablet:30|padding_left_mobile:20|padding_right_mobile:20&#8243;][dfd_spacer screen_wide_spacer_size=&#8221;80&#8243; screen_normal_resolution=&#8221;1280&#8243; screen_tablet_resolution=&#8221;1024&#8243; screen_mobile_resolution=&#8221;800&#8243; screen_wide_resolution=&#8221;1280&#8243; screen_normal_spacer_size=&#8221;70&#8243; screen_tablet_spacer_size=&#8221;60&#8243; screen_mobile_spacer_size=&#8221;50&#8243;][dfd_user_form fake_check_layout=&#8221;forms_05&#8243; show_label_text=&#8221;on&#8221; horiz_margin_btw_inputs=&#8221;10&#8243; btn_message=&#8221;Wy\u015blij formularz &#8211; skontaktujemy si\u0119 z Tob\u0105&#8221; email_to=&#8221;kontakt@e-discovery.pl&#8221; email_subject=&#8221;Zapytanie ze strony e-discovery.pl&#8221; check_layout=&#8221;forms_05.php&#8221; check_layout_forms_05=&#8221;{&#8220;1&#8220;:{&#8220;text_name&#8220;:{&#8220;name&#8220;:&#8220;Imi\u0119 i nazwisko&#8220;,&#8220;required-1&#8220;:&#8220;1&#8220;,&#8220;akismet_comment_author-1&#8220;:&#8220;1&#8220;}},&#8220;2&#8220;:{&#8220;email&#8220;:{&#8220;required-1&#8220;:&#8220;1&#8220;,&#8220;name&#8220;:&#8220;E-mail&#8220;,&#8220;akismet_comment_author_email-1&#8220;:&#8220;1&#8220;}},&#8220;3&#8220;:{&#8220;text_name&#8220;:{&#8220;required-1&#8220;:&#8220;1&#8220;,&#8220;name&#8220;:&#8220;Telefon kontaktowy&#8220;}},&#8220;4&#8220;:{&#8220;textarea_name&#8220;:{&#8220;name&#8220;:&#8220;Zapytanie&#8220;}}}&#8221;]Od: {{text_name-1}}<br \/>\nemail: {{email-2}}<br \/>\ntelefon: {{text_name-3}}<\/p>\n<p>Zapytanie:<br \/>\n{{textarea_name-4}}<\/p>\n<p>&#8212;<br \/>\nEmail wys\u0142any ze strony e-discovery.pl<\/p>\n<p>[\/dfd_user_form][dfd_spacer screen_wide_spacer_size=&#8221;80&#8243; screen_normal_resolution=&#8221;1280&#8243; screen_tablet_resolution=&#8221;1024&#8243; screen_mobile_resolution=&#8221;800&#8243; screen_wide_resolution=&#8221;1280&#8243; screen_normal_spacer_size=&#8221;70&#8243; screen_tablet_spacer_size=&#8221;60&#8243; screen_mobile_spacer_size=&#8221;50&#8243;][\/vc_column][\/vc_row]<\/p>\n<\/section>","protected":false},"excerpt":{"rendered":"<p>[vc_row dfd_row_config=&#8221;full_width_content&#8221; dfd_row_responsive_enable=&#8221;dfd-row-responsive-enable&#8221; css=&#8221;.vc_custom_1481969950959{padding-right: 15% !important;padding-left: 15% !important;}&#8221; responsive_styles=&#8221;padding_left_desktop:20|padding_right_desktop:20|padding_left_tablet:0|padding_right_tablet:0|padding_left_mobile:0|padding_right_mobile:0&#8243;][vc_column width=&#8221;1\/2&#8243; dfd_column_responsive_enable=&#8221;dfd-column-responsive-enable&#8221; css=&#8221;.vc_custom_1481970029682{padding-right: 3% !important;}&#8221; el_class=&#8221;dfd_col-tablet-12&#8243; offset=&#8221;vc_col-lg-6 vc_col-md-6 vc_col-xs-12&#8243; col_shadow=&#8221;box_shadow_enable:disable|shadow_horizontal:0|shadow_vertical:15|shadow_blur:50|shadow_spread:0|box_shadow_color:rgba(0%2C0%2C0%2C0.35)&#8221; col_shadow_hover=&#8221;box_shadow_enable:disable|shadow_horizontal:0|shadow_vertical:15|shadow_blur:50|shadow_spread:0|box_shadow_color:rgba(0%2C0%2C0%2C0.35)&#8221; responsive_styles=&#8221;padding_left_tablet:30|padding_right_tablet:30|padding_left_mobile:20|padding_right_mobile:20&#8243;][dfd_spacer screen_wide_spacer_size=&#8221;80&#8243; screen_normal_resolution=&#8221;1280&#8243; screen_tablet_resolution=&#8221;1024&#8243; screen_mobile_resolution=&#8221;800&#8243; screen_wide_resolution=&#8221;1280&#8243; screen_normal_spacer_size=&#8221;70&#8243; screen_tablet_spacer_size=&#8221;60&#8243; screen_mobile_spacer_size=&#8221;50&#8243;][dfd_heading subtitle=&#8221;Skontaktujemy<\/p>\n","protected":false},"author":1,"featured_media":0,"parent":0,"menu_order":0,"comment_status":"closed","ping_status":"closed","template":"tmp-page.php","meta":{"footnotes":""},"class_list":["post-20081","page","type-page","status-publish","hentry"],"yoast_head":"<!-- This site is optimized with the Yoast SEO plugin v25.0 - https:\/\/yoast.com\/wordpress\/plugins\/seo\/ -->\n<title>Kontakt<\/title>\n<meta name=\"description\" content=\"[vc_row dfd_row_config=&quot;full_width_content&quot; dfd_row_responsive_enable=&quot;dfd-row-responsive-enable&quot; css=&quot;.vc_custom_1481969950959{padding-right: 15% !important;padding-left: 15% !important;}&quot; responsive_styles=&quot;padding_left_desktop:20|padding_right_desktop:20|padding_left_tablet:0|padding_right_tablet:0|padding_left_mobile:0|padding_right_mobile:0&quot;][vc_column width=&quot;1\/2&quot; dfd_column_responsive_enable=&quot;dfd-column-responsive-enable&quot; css=&quot;.vc_custom_1481970029682{padding-right: 3% !important;}&quot; el_class=&quot;dfd_col-tablet-12&quot; offset=&quot;vc_col-lg-6 vc_col-md-6 vc_col-xs-12&quot; col_shadow=&quot;box_shadow_enable:disable|shadow_horizontal:0|shadow_vertical:15|shadow_blur:50|shadow_spread:0|box_shadow_color:rgba(0%2C0%2C0%2C0.35)&quot; col_shadow_hover=&quot;box_shadow_enable:disable|shadow_horizontal:0|shadow_vertical:15|shadow_blur:50|shadow_spread:0|box_shadow_color:rgba(0%2C0%2C0%2C0.35)&quot; responsive_styles=&quot;padding_left_tablet:30|padding_right_tablet:30|padding_left_mobile:20|padding_right_mobile:20&quot;][dfd_spacer screen_wide_spacer_size=&quot;80&quot; screen_normal_resolution=&quot;1280&quot; screen_tablet_resolution=&quot;1024&quot; screen_mobile_resolution=&quot;800&quot; screen_wide_resolution=&quot;1280&quot; screen_normal_spacer_size=&quot;70&quot; screen_tablet_spacer_size=&quot;60&quot; screen_mobile_spacer_size=&quot;50&quot;][dfd_heading subtitle=&quot;Skontaktujemy si\u0119 z Tob\u0105&quot; module_animation=&quot;transition.slideRightBigIn&quot; enable_delimiter=&quot;&quot; undefined=&quot;&quot; title_font_options=&quot;tag:h3|font_size:35|line_height:35&quot; subtitle_font_options=&quot;tag:div&quot; title_responsive=&quot;font_size_desktop:32|line_height_desktop:32|font_size_tablet:32|line_height_tablet:32|font_size_mobile:28|line_height_mobile:28&quot;]Napisz do nas![\/dfd_heading][dfd_spacer screen_wide_spacer_size=&quot;25&quot; screen_normal_resolution=&quot;1280&quot; screen_tablet_resolution=&quot;1024&quot; screen_mobile_resolution=&quot;800&quot; screen_wide_resolution=&quot;1280&quot; screen_normal_spacer_size=&quot;20&quot; screen_tablet_spacer_size=&quot;15&quot; screen_mobile_spacer_size=&quot;10&quot;][dfd_delimiter delimiter_style=&quot;dfd-delimiter-with-text&quot; text_delimiter=&quot;ODDZIA\u0141 W KATOWICACH&quot; title_font_options=&quot;font_size:12&quot; undefined=&quot;&quot;][dfd_spacer&hellip;\" \/>\n<meta name=\"robots\" content=\"index, follow, max-snippet:-1, max-image-preview:large, max-video-preview:-1\" \/>\n<link rel=\"canonical\" href=\"\" \/>\n<meta property=\"og:locale\" content=\"en_US\" \/>\n<meta property=\"og:type\" content=\"article\" \/>\n<meta property=\"og:title\" content=\"Kontakt\" \/>\n<meta property=\"og:description\" content=\"[vc_row dfd_row_config=&quot;full_width_content&quot; dfd_row_responsive_enable=&quot;dfd-row-responsive-enable&quot; css=&quot;.vc_custom_1481969950959{padding-right: 15% !important;padding-left: 15% !important;}&quot; responsive_styles=&quot;padding_left_desktop:20|padding_right_desktop:20|padding_left_tablet:0|padding_right_tablet:0|padding_left_mobile:0|padding_right_mobile:0&quot;][vc_column width=&quot;1\/2&quot; dfd_column_responsive_enable=&quot;dfd-column-responsive-enable&quot; css=&quot;.vc_custom_1481970029682{padding-right: 3% !important;}&quot; el_class=&quot;dfd_col-tablet-12&quot; offset=&quot;vc_col-lg-6 vc_col-md-6 vc_col-xs-12&quot; col_shadow=&quot;box_shadow_enable:disable|shadow_horizontal:0|shadow_vertical:15|shadow_blur:50|shadow_spread:0|box_shadow_color:rgba(0%2C0%2C0%2C0.35)&quot; col_shadow_hover=&quot;box_shadow_enable:disable|shadow_horizontal:0|shadow_vertical:15|shadow_blur:50|shadow_spread:0|box_shadow_color:rgba(0%2C0%2C0%2C0.35)&quot; responsive_styles=&quot;padding_left_tablet:30|padding_right_tablet:30|padding_left_mobile:20|padding_right_mobile:20&quot;][dfd_spacer screen_wide_spacer_size=&quot;80&quot; screen_normal_resolution=&quot;1280&quot; screen_tablet_resolution=&quot;1024&quot; screen_mobile_resolution=&quot;800&quot; screen_wide_resolution=&quot;1280&quot; screen_normal_spacer_size=&quot;70&quot; screen_tablet_spacer_size=&quot;60&quot; screen_mobile_spacer_size=&quot;50&quot;][dfd_heading subtitle=&quot;Skontaktujemy si\u0119 z Tob\u0105&quot; module_animation=&quot;transition.slideRightBigIn&quot; enable_delimiter=&quot;&quot; undefined=&quot;&quot; title_font_options=&quot;tag:h3|font_size:35|line_height:35&quot; subtitle_font_options=&quot;tag:div&quot; title_responsive=&quot;font_size_desktop:32|line_height_desktop:32|font_size_tablet:32|line_height_tablet:32|font_size_mobile:28|line_height_mobile:28&quot;]Napisz do nas![\/dfd_heading][dfd_spacer screen_wide_spacer_size=&quot;25&quot; screen_normal_resolution=&quot;1280&quot; screen_tablet_resolution=&quot;1024&quot; screen_mobile_resolution=&quot;800&quot; screen_wide_resolution=&quot;1280&quot; screen_normal_spacer_size=&quot;20&quot; screen_tablet_spacer_size=&quot;15&quot; screen_mobile_spacer_size=&quot;10&quot;][dfd_delimiter delimiter_style=&quot;dfd-delimiter-with-text&quot; text_delimiter=&quot;ODDZIA\u0141 W KATOWICACH&quot; title_font_options=&quot;font_size:12&quot; undefined=&quot;&quot;][dfd_spacer&hellip;\" \/>\n<meta property=\"og:url\" content=\"https:\/\/www.e-discovery.pl\/en\/kontakt\/\" \/>\n<meta property=\"og:site_name\" content=\"e-Discovery\" \/>\n<meta property=\"article:modified_time\" content=\"2025-04-28T11:54:05+00:00\" \/>\n<meta name=\"twitter:card\" content=\"summary_large_image\" \/>\n<meta name=\"twitter:label1\" content=\"Est. reading time\" \/>\n\t<meta name=\"twitter:data1\" content=\"1 minute\" \/>\n<script type=\"application\/ld+json\" class=\"yoast-schema-graph\">{\"@context\":\"https:\/\/schema.org\",\"@graph\":[{\"@type\":\"WebPage\",\"@id\":\"https:\/\/www.e-discovery.pl\/en\/kontakt\/\",\"url\":\"https:\/\/www.e-discovery.pl\/en\/kontakt\/\",\"name\":\"Kontakt - e-Discovery\",\"isPartOf\":{\"@id\":\"https:\/\/www.e-discovery.pl\/#website\"},\"datePublished\":\"2016-10-19T09:25:30+00:00\",\"dateModified\":\"2025-04-28T11:54:05+00:00\",\"breadcrumb\":{\"@id\":\"https:\/\/www.e-discovery.pl\/en\/kontakt\/#breadcrumb\"},\"inLanguage\":\"en-US\",\"potentialAction\":[{\"@type\":\"ReadAction\",\"target\":[\"https:\/\/www.e-discovery.pl\/en\/kontakt\/\"]}]},{\"@type\":\"BreadcrumbList\",\"@id\":\"https:\/\/www.e-discovery.pl\/en\/kontakt\/#breadcrumb\",\"itemListElement\":[{\"@type\":\"ListItem\",\"position\":1,\"name\":\"Strona g\u0142\u00f3wna\",\"item\":\"https:\/\/www.e-discovery.pl\/pl\/\"},{\"@type\":\"ListItem\",\"position\":2,\"name\":\"Kontakt\"}]},{\"@type\":\"WebSite\",\"@id\":\"https:\/\/www.e-discovery.pl\/en\/#website\",\"url\":\"https:\/\/www.e-discovery.pl\/en\/\",\"name\":\"E-discovery\",\"description\":\"zesp\u00f3\u0142 sk\u0142adaj\u0105cy si\u0119 ze specjalist\u00f3w informatyki analitycznej, specjalist\u00f3w z zakresu regulacji na temat dowod\u00f3w cyfrowych oraz ksi\u0119gowych \u015bledczych.\",\"potentialAction\":[{\"@type\":\"SearchAction\",\"target\":{\"@type\":\"EntryPoint\",\"urlTemplate\":\"https:\/\/www.e-discovery.pl\/en\/?s={search_term_string}\"},\"query-input\":{\"@type\":\"PropertyValueSpecification\",\"valueRequired\":true,\"valueName\":\"search_term_string\"}}],\"inLanguage\":\"en-US\"}]}<\/script>\n<!-- \/ Yoast SEO plugin. -->","yoast_head_json":{"title":"Kontakt","description":"[vc_row dfd_row_config=\"full_width_content\" dfd_row_responsive_enable=\"dfd-row-responsive-enable\" css=\".vc_custom_1481969950959{padding-right: 15% !important;padding-left: 15% !important;}\" responsive_styles=\"padding_left_desktop:20|padding_right_desktop:20|padding_left_tablet:0|padding_right_tablet:0|padding_left_mobile:0|padding_right_mobile:0\"][vc_column width=\"1\/2\" dfd_column_responsive_enable=\"dfd-column-responsive-enable\" css=\".vc_custom_1481970029682{padding-right: 3% !important;}\" el_class=\"dfd_col-tablet-12\" offset=\"vc_col-lg-6 vc_col-md-6 vc_col-xs-12\" col_shadow=\"box_shadow_enable:disable|shadow_horizontal:0|shadow_vertical:15|shadow_blur:50|shadow_spread:0|box_shadow_color:rgba(0%2C0%2C0%2C0.35)\" col_shadow_hover=\"box_shadow_enable:disable|shadow_horizontal:0|shadow_vertical:15|shadow_blur:50|shadow_spread:0|box_shadow_color:rgba(0%2C0%2C0%2C0.35)\" responsive_styles=\"padding_left_tablet:30|padding_right_tablet:30|padding_left_mobile:20|padding_right_mobile:20\"][dfd_spacer screen_wide_spacer_size=\"80\" screen_normal_resolution=\"1280\" screen_tablet_resolution=\"1024\" screen_mobile_resolution=\"800\" screen_wide_resolution=\"1280\" screen_normal_spacer_size=\"70\" screen_tablet_spacer_size=\"60\" screen_mobile_spacer_size=\"50\"][dfd_heading subtitle=\"Skontaktujemy si\u0119 z Tob\u0105\" module_animation=\"transition.slideRightBigIn\" enable_delimiter=\"\" undefined=\"\" title_font_options=\"tag:h3|font_size:35|line_height:35\" subtitle_font_options=\"tag:div\" title_responsive=\"font_size_desktop:32|line_height_desktop:32|font_size_tablet:32|line_height_tablet:32|font_size_mobile:28|line_height_mobile:28\"]Napisz do nas![\/dfd_heading][dfd_spacer screen_wide_spacer_size=\"25\" screen_normal_resolution=\"1280\" screen_tablet_resolution=\"1024\" screen_mobile_resolution=\"800\" screen_wide_resolution=\"1280\" screen_normal_spacer_size=\"20\" screen_tablet_spacer_size=\"15\" screen_mobile_spacer_size=\"10\"][dfd_delimiter delimiter_style=\"dfd-delimiter-with-text\" text_delimiter=\"ODDZIA\u0141 W KATOWICACH\" title_font_options=\"font_size:12\" undefined=\"\"][dfd_spacer&hellip;","robots":{"index":"index","follow":"follow","max-snippet":"max-snippet:-1","max-image-preview":"max-image-preview:large","max-video-preview":"max-video-preview:-1"},"canonical":"[vc_row dfd_row_config=\"full_width_content\" dfd_row_responsive_enable=\"dfd-row-responsive-enable\" css=\".vc_custom_1481969950959{padding-right: 15% !important;padding-left: 15% !important;}\" responsive_styles=\"padding_left_desktop:20|padding_right_desktop:20|padding_left_tablet:0|padding_right_tablet:0|padding_left_mobile:0|padding_right_mobile:0\"][vc_column width=\"1\/2\" dfd_column_responsive_enable=\"dfd-column-responsive-enable\" css=\".vc_custom_1481970029682{padding-right: 3% !important;}\" el_class=\"dfd_col-tablet-12\" offset=\"vc_col-lg-6 vc_col-md-6 vc_col-xs-12\" col_shadow=\"box_shadow_enable:disable|shadow_horizontal:0|shadow_vertical:15|shadow_blur:50|shadow_spread:0|box_shadow_color:rgba(0,0,0,0.35)\" col_shadow_hover=\"box_shadow_enable:disable|shadow_horizontal:0|shadow_vertical:15|shadow_blur:50|shadow_spread:0|box_shadow_color:rgba(0,0,0,0.35)\" responsive_styles=\"padding_left_tablet:30|padding_right_tablet:30|padding_left_mobile:20|padding_right_mobile:20\"][dfd_spacer screen_wide_spacer_size=\"80\" screen_normal_resolution=\"1280\" screen_tablet_resolution=\"1024\" screen_mobile_resolution=\"800\" screen_wide_resolution=\"1280\" screen_normal_spacer_size=\"70\" screen_tablet_spacer_size=\"60\" screen_mobile_spacer_size=\"50\"][dfd_heading subtitle=\"Skontaktujemy si\u0119 z Tob\u0105\" module_animation=\"transition.slideRightBigIn\" enable_delimiter=\"\" undefined=\"\" title_font_options=\"tag:h3|font_size:35|line_height:35\" subtitle_font_options=\"tag:div\" title_responsive=\"font_size_desktop:32|line_height_desktop:32|font_size_tablet:32|line_height_tablet:32|font_size_mobile:28|line_height_mobile:28\"]Napisz do nas![\/dfd_heading][dfd_spacer screen_wide_spacer_size=\"25\" screen_normal_resolution=\"1280\" screen_tablet_resolution=\"1024\" screen_mobile_resolution=\"800\" screen_wide_resolution=\"1280\" screen_normal_spacer_size=\"20\" screen_tablet_spacer_size=\"15\" screen_mobile_spacer_size=\"10\"][dfd_delimiter delimiter_style=\"dfd-delimiter-with-text\" text_delimiter=\"ODDZIA\u0141 W KATOWICACH\" title_font_options=\"font_size:12\" undefined=\"\"][dfd_spacer&hellip;","og_locale":"en_US","og_type":"article","og_title":"Kontakt","og_description":"[vc_row dfd_row_config=\"full_width_content\" dfd_row_responsive_enable=\"dfd-row-responsive-enable\" css=\".vc_custom_1481969950959{padding-right: 15% !important;padding-left: 15% !important;}\" responsive_styles=\"padding_left_desktop:20|padding_right_desktop:20|padding_left_tablet:0|padding_right_tablet:0|padding_left_mobile:0|padding_right_mobile:0\"][vc_column width=\"1\/2\" dfd_column_responsive_enable=\"dfd-column-responsive-enable\" css=\".vc_custom_1481970029682{padding-right: 3% !important;}\" el_class=\"dfd_col-tablet-12\" offset=\"vc_col-lg-6 vc_col-md-6 vc_col-xs-12\" col_shadow=\"box_shadow_enable:disable|shadow_horizontal:0|shadow_vertical:15|shadow_blur:50|shadow_spread:0|box_shadow_color:rgba(0%2C0%2C0%2C0.35)\" col_shadow_hover=\"box_shadow_enable:disable|shadow_horizontal:0|shadow_vertical:15|shadow_blur:50|shadow_spread:0|box_shadow_color:rgba(0%2C0%2C0%2C0.35)\" responsive_styles=\"padding_left_tablet:30|padding_right_tablet:30|padding_left_mobile:20|padding_right_mobile:20\"][dfd_spacer screen_wide_spacer_size=\"80\" screen_normal_resolution=\"1280\" screen_tablet_resolution=\"1024\" screen_mobile_resolution=\"800\" screen_wide_resolution=\"1280\" screen_normal_spacer_size=\"70\" screen_tablet_spacer_size=\"60\" screen_mobile_spacer_size=\"50\"][dfd_heading subtitle=\"Skontaktujemy si\u0119 z Tob\u0105\" module_animation=\"transition.slideRightBigIn\" enable_delimiter=\"\" undefined=\"\" title_font_options=\"tag:h3|font_size:35|line_height:35\" subtitle_font_options=\"tag:div\" title_responsive=\"font_size_desktop:32|line_height_desktop:32|font_size_tablet:32|line_height_tablet:32|font_size_mobile:28|line_height_mobile:28\"]Napisz do nas![\/dfd_heading][dfd_spacer screen_wide_spacer_size=\"25\" screen_normal_resolution=\"1280\" screen_tablet_resolution=\"1024\" screen_mobile_resolution=\"800\" screen_wide_resolution=\"1280\" screen_normal_spacer_size=\"20\" screen_tablet_spacer_size=\"15\" screen_mobile_spacer_size=\"10\"][dfd_delimiter delimiter_style=\"dfd-delimiter-with-text\" text_delimiter=\"ODDZIA\u0141 W KATOWICACH\" title_font_options=\"font_size:12\" undefined=\"\"][dfd_spacer&hellip;","og_url":"https:\/\/www.e-discovery.pl\/en\/kontakt\/","og_site_name":"e-Discovery","article_modified_time":"2025-04-28T11:54:05+00:00","twitter_card":"summary_large_image","twitter_misc":{"Est. reading time":"1 minute"},"schema":{"@context":"https:\/\/schema.org","@graph":[{"@type":"WebPage","@id":"https:\/\/www.e-discovery.pl\/en\/kontakt\/","url":"https:\/\/www.e-discovery.pl\/en\/kontakt\/","name":"Kontakt - e-Discovery","isPartOf":{"@id":"https:\/\/www.e-discovery.pl\/#website"},"datePublished":"2016-10-19T09:25:30+00:00","dateModified":"2025-04-28T11:54:05+00:00","breadcrumb":{"@id":"https:\/\/www.e-discovery.pl\/en\/kontakt\/#breadcrumb"},"inLanguage":"en-US","potentialAction":[{"@type":"ReadAction","target":["https:\/\/www.e-discovery.pl\/en\/kontakt\/"]}]},{"@type":"BreadcrumbList","@id":"https:\/\/www.e-discovery.pl\/en\/kontakt\/#breadcrumb","itemListElement":[{"@type":"ListItem","position":1,"name":"Strona g\u0142\u00f3wna","item":"https:\/\/www.e-discovery.pl\/pl\/"},{"@type":"ListItem","position":2,"name":"Kontakt"}]},{"@type":"WebSite","@id":"https:\/\/www.e-discovery.pl\/en\/#website","url":"https:\/\/www.e-discovery.pl\/en\/","name":"E-discovery","description":"zesp\u00f3\u0142 sk\u0142adaj\u0105cy si\u0119 ze specjalist\u00f3w informatyki analitycznej, specjalist\u00f3w z zakresu regulacji na temat dowod\u00f3w cyfrowych oraz ksi\u0119gowych \u015bledczych.","potentialAction":[{"@type":"SearchAction","target":{"@type":"EntryPoint","urlTemplate":"https:\/\/www.e-discovery.pl\/en\/?s={search_term_string}"},"query-input":{"@type":"PropertyValueSpecification","valueRequired":true,"valueName":"search_term_string"}}],"inLanguage":"en-US"}]}},"_links":{"self":[{"href":"https:\/\/www.e-discovery.pl\/en\/wp-json\/wp\/v2\/pages\/20081","targetHints":{"allow":["GET"]}}],"collection":[{"href":"https:\/\/www.e-discovery.pl\/en\/wp-json\/wp\/v2\/pages"}],"about":[{"href":"https:\/\/www.e-discovery.pl\/en\/wp-json\/wp\/v2\/types\/page"}],"author":[{"embeddable":true,"href":"https:\/\/www.e-discovery.pl\/en\/wp-json\/wp\/v2\/users\/1"}],"replies":[{"embeddable":true,"href":"https:\/\/www.e-discovery.pl\/en\/wp-json\/wp\/v2\/comments?post=20081"}],"version-history":[{"count":11,"href":"https:\/\/www.e-discovery.pl\/en\/wp-json\/wp\/v2\/pages\/20081\/revisions"}],"predecessor-version":[{"id":22499,"href":"https:\/\/www.e-discovery.pl\/en\/wp-json\/wp\/v2\/pages\/20081\/revisions\/22499"}],"wp:attachment":[{"href":"https:\/\/www.e-discovery.pl\/en\/wp-json\/wp\/v2\/media?parent=20081"}],"curies":[{"name":"wp","href":"https:\/\/api.w.org\/{rel}","templated":true}]}}